{"id":4030,"date":"2017-12-16T19:45:50","date_gmt":"2017-12-16T18:45:50","guid":{"rendered":"http:\/\/ff-margarethenhoehe.de\/?page_id=4030"},"modified":"2024-03-17T14:48:47","modified_gmt":"2024-03-17T13:48:47","slug":"weg-frei","status":"publish","type":"page","link":"https:\/\/ff-margarethenhoehe.de\/?page_id=4030","title":{"rendered":"Jetzt kommen wir!"},"content":{"rendered":"<div>\n<table style=\"width: 987px;\">\n<tbody>\n<tr style=\"text-align: justify;\">\n<td style=\"width: 977px;\">\n<p style=\"text-align: justify;\"><a href=\"https:\/\/ff-margarethenhoehe.de\/wp-content\/uploads\/2017\/12\/header.jpg\"><img loading=\"lazy\" decoding=\"async\" class=\"size-full wp-image-4031\" src=\"https:\/\/ff-margarethenhoehe.de\/wp-content\/uploads\/2017\/12\/header.jpg\" alt=\"\" width=\"2500\" height=\"430\" srcset=\"https:\/\/ff-margarethenhoehe.de\/wp-content\/uploads\/2017\/12\/header.jpg 2500w, https:\/\/ff-margarethenhoehe.de\/wp-content\/uploads\/2017\/12\/header-600x103.jpg 600w, https:\/\/ff-margarethenhoehe.de\/wp-content\/uploads\/2017\/12\/header-1024x176.jpg 1024w\" sizes=\"(max-width: 2500px) 100vw, 2500px\" \/><\/a>Ist Gefahr im Verzug, kommen wir: Feuerwehr, Notarzt, Polizei und andere Rettungsdienste. Schnell sollen wir sein, Feuer l\u00f6schen, Leben retten. Aber aus Gedankenlosigkeit, Unwissen oder Eile behindern uns viele Autofahrer beim Einsatz. Was helfen Feuerwehrzufahrten oder Hydranten, wenn sie von Autofahrer zu geparkt werden? Denn im Notfall kommt es auf jede Minute an!<\/p>\n<\/td>\n<\/tr>\n<tr style=\"text-align: justify;\">\n<td style=\"width: 977px;\">\n<div class=\"row\">\n<div class=\"info\">\n<div class=\"section-description pull-left\">\n<h3 style=\"text-align: justify;\">L\u00f6schwasser aus Hydranten<a href=\"https:\/\/ff-margarethenhoehe.de\/wp-content\/uploads\/2017\/12\/hydrant-e1513453189123.jpg\"><img loading=\"lazy\" decoding=\"async\" class=\"alignright wp-image-4062\" src=\"https:\/\/ff-margarethenhoehe.de\/wp-content\/uploads\/2017\/12\/hydrant-563x600.jpg\" alt=\"\" width=\"422\" height=\"505\" \/><\/a><\/h3>\n<p style=\"text-align: justify;\">Nur selten haben Feuerwehrfahrzeuge ausreichend L\u00f6schwasser bei sich. Deshalb nutzen wir ober- oder unterirdische Hydranten. Diese Wasser- oder Notentnahmestellen sind an das \u00f6ffentliche Wasserleitungsnetz angeschlossen. Weitaus h\u00e4ufiger sind in St\u00e4dten allerdings Unterflurhydranten. Die Entnahmeanschl\u00fcsse verbergen sich hier unter ovalen Metalldeckeln mit dem Hinweis \u201eHydrant\u201c und liegen plan zur Stra\u00dfendecke.<\/p>\n<p style=\"text-align: justify;\">Dadurch werden Unterflurhydranten oft versehentlich zugeparkt oder unter Laub bzw. Schnee versteckt. In der N\u00e4he jedes Hydranten steht ein rot umrandetes Hinweisschild, das per Meterangaben die genaue Lage angibt.<\/p>\n<\/div>\n<\/div>\n<\/div>\n<\/td>\n<\/tr>\n<tr style=\"text-align: justify;\">\n<td style=\"width: 977px;\">\n<div class=\"section-description pull-right\">\n<p>&nbsp;<\/p>\n<\/div>\n<h3 style=\"text-align: left;\"><a href=\"https:\/\/ff-margarethenhoehe.de\/wp-content\/uploads\/2017\/12\/drehleiter.jpg\"><img loading=\"lazy\" decoding=\"async\" class=\"alignright wp-image-4064 size-full\" src=\"https:\/\/ff-margarethenhoehe.de\/wp-content\/uploads\/2017\/12\/drehleiter.jpg\" alt=\"\" width=\"422\" height=\"432\" \/><\/a>Die Feuerwehr braucht Platz zum Arbeiten<\/h3>\n<p>Damit wir im Notfall nicht wertvolle Zeit damit vergeuden, einen Zugang zum Einsatzort zu finden, haben Geb\u00e4ude in der Regel eine Feuerwehrzufahrt. Das sind entweder Stellfl\u00e4chen f\u00fcr Einsatzfahrzeuge oder Durchfahrten zu Hinterh\u00f6fen.<\/p>\n<p>Die Ausfahrten oder speziellen Fl\u00e4chen sind mit dem Schild \u201eFeuerwehrzufahrt\u201c oder \u201eRettungsweg f\u00fcr die Feuerwehr\u201c gut sichtbar gekennzeichnet und m\u00fcssen eine deutliche Randbegrenzung haben. So erkennen die Rettungskr\u00e4fte sie schnell.<\/p>\n<p>Aber auch Autofahrer: Denn amtlich gekennzeichnete Feuerwehrzufahrten m\u00fcssen jederzeit frei bleiben. Hier gilt daher Halte- und Parkverbot!<\/td>\n<\/tr>\n<tr style=\"text-align: justify;\">\n<td style=\"width: 977px;\">\n<div class=\"section-description\">\n<h3>R\u00fccksicht nehmen trotz Parkplatzmangel<a href=\"https:\/\/ff-margarethenhoehe.de\/wp-content\/uploads\/2017\/12\/rettgasse.jpg\"><img loading=\"lazy\" decoding=\"async\" class=\"alignright size-full wp-image-4065\" src=\"https:\/\/ff-margarethenhoehe.de\/wp-content\/uploads\/2017\/12\/rettgasse.jpg\" alt=\"\" width=\"416\" height=\"442\" \/><\/a><\/h3>\n<p>Auch wenn es in engen Wohnstra\u00dfen keine Hinweisschilder gibt: Parkt stets so, dass notfalls auch ein Feuerwehrfahrzeug oder Notarztwagen durchkommt.<\/p>\n<p>Das gilt auch f\u00fcr einen ausreichenden Abstand zu Einm\u00fcndungen und Kreuzungen. Einsatzfahrzeuge sind h\u00e4ufig Lastwagen, die eine Mindestdurchfahrbreite von drei Metern ben\u00f6tigen. Und sie kommen selten allein.<\/p>\n<p>Muss ein im Weg stehendes Auto bei einem Einsatz erst beiseite gefahren werden, gehen kostbare Minuten f\u00fcr die Rettung verloren.<\/p>\n<\/div>\n<\/td>\n<\/tr>\n<tr style=\"text-align: justify;\">\n<td style=\"width: 977px;\">\n<h3 style=\"text-align: justify;\">Notrufs\u00e4ulen in Zeiten von Smartphones<a href=\"https:\/\/ff-margarethenhoehe.de\/wp-content\/uploads\/2017\/12\/sos.jpg\"><img loading=\"lazy\" decoding=\"async\" class=\"alignright size-full wp-image-4066\" src=\"https:\/\/ff-margarethenhoehe.de\/wp-content\/uploads\/2017\/12\/sos.jpg\" alt=\"\" width=\"440\" height=\"432\" \/><\/a><\/h3>\n<p style=\"text-align: justify;\">Obwohl bei mehreren Millionen Handys in Deutschland kaum jemand ohne aus dem Haus geht, gibt es weiterhin Notrufs\u00e4ulen. Warum? Damit jeder Autofahrer einen Notruf absetzen kann \u2013 auch im Funkloch oder bei leerem Handyakku. Notrufs\u00e4ulen stehen \u00fcberwiegend an Autobahnen, alle zwei Kilometer, aber auch an Landstra\u00dfen, abgelegenen Kreisstra\u00dfen sowie in Tunneln. Schwarze Pfeile an den Leitpfosten zeigen, in welcher Richtung die n\u00e4chste S\u00e4ule steht. \u00dcber die Stra\u00dfe muss niemand \u2013 Notrufs\u00e4ulen befinden sich immer entlang beider Fahrbahnen.<\/p>\n<p style=\"text-align: justify;\">Mit dem Notruf wird der Standort der Notrufs\u00e4ule automatisch \u00fcbermittelt. Dennoch ist es ratsam, die Nummer der Notrufs\u00e4ule, den Pannenort und die Fahrtrichtung mitzuteilen. Alle 500 Meter weist ein blaues Schild am Autobahnrand die Kilometerzahl aus.<\/p>\n<p>&nbsp;<\/td>\n<\/tr>\n<\/tbody>\n<\/table>\n<\/div>\n<div class=\"disabled-icon-holder\">\n<div><\/div>\n<div class=\"open-close active\">\n<h3><span class=\"opener\">&gt;&gt; Wie benutze ich eine Notrufs\u00e4ule richtig?<\/span><\/h3>\n<div class=\"slide\">\n<p>Bei einer Notrufs\u00e4ule muss entweder eine Klappe nach oben gehoben oder ein Hebel nach unten gedr\u00fcckt werden. Manche Notrufs\u00e4ulen unterscheiden auch mit verschieden farbigen Tasten nach \u201ePanne\u201c oder \u201eNotfall\u201c. Per Handy oder Telefon gilt seit 1973 die einheitliche Notrufnummer 112 f\u00fcr Feuerwehr und Rettungsdienst in Deutschland, seit 1991 gilt sie in ganz Europa. Damit schnelle Hilfe erfolgen kann, sind dann pr\u00e4zise Antworten auf die folgenden Fragen wichtig:<\/p>\n<ul class=\"footer-list opener\">\n<li>Was ist passiert?<\/li>\n<li>Wo ist es passiert?<\/li>\n<li>Wie viele Verletzte gibt es?<\/li>\n<li>Welche Arten der Verletzung liegen vor?<\/li>\n<li>Wer meldet den Notfall?<\/li>\n<\/ul>\n<p>Auf m\u00f6gliche R\u00fcckfragen warten.<\/p>\n<hr \/>\n<\/div>\n<h3><\/h3>\n<h3><span class=\"opener\">&gt;&gt; Was passiert bei einem Missbrauch der Notrufs\u00e4ule?<\/span><\/h3>\n<div class=\"slide\">\n<p>Der Missbrauch der Notrufs\u00e4ule ist nach \u00a7 145 Strafgesetzbuch strafbar. Je nach Schwere wird das Vergehen mit Freiheitsstrafe bis zu einem Jahr oder mit Geldstrafe belegt. Wer absichtlich Notrufeinrichtungen unbrauchbar macht oder beseitigt, wird mit einer Freiheitsstrafe bis zu zwei Jahren oder mit einer Geldstrafe belegt.<\/p>\n<hr \/>\n<\/div>\n<h3><\/h3>\n<h3><span class=\"opener\">&gt;&gt; Was passiert, wenn ich einen Hydranten zuparke?<\/span><\/h3>\n<div class=\"slide\">\n<p>Laut \u00a7 12 StVO Abs. 3 ist das Parken unzul\u00e4ssig, \u201e\u00fcber Schachtdeckeln und anderen Verschl\u00fcssen, wo durch Zeichen 315 oder eine Parkfl\u00e4chenmarkierung (Anlage 2 Nummer 74) das Parken auf Gehwegen erlaubt ist\u201c.<\/p>\n<p>Damit die Feuerwehr bei einem Brand schnell Zugang zu den Hydranten erh\u00e4lt, sollte man schon aus Eigeninteresse nicht \u00fcber Unterflurhydranten parken. Im Notfall werden die Fahrzeuge umgesetzt oder abgeschleppt.<\/p>\n<\/div>\n<hr \/>\n<\/div>\n<div class=\"open-close active\">\n<h3><span class=\"opener\"> &gt;&gt; Was passiert, wenn ich in einer Feuerwehrzufahrt parke oder die Feuerwehr behindere?<\/span><\/h3>\n<div class=\"slide\">\n<p>Bei Ausfahrten mit dem amtlichen Schild \u201eFeuerwehrzufahrt\u201c oder \u201eRettungsweg f\u00fcr die Feuerwehr\u201c gilt Halte- und Parkverbot. Das hei\u00dft, das Auto darf dort nicht stehen! Wer dort h\u00e4lt oder parkt, bekommt ein Bu\u00dfgeld. Kommt Behinderung dazu, erh\u00f6ht es sich. Sp\u00e4testens bei einem Feuerwehreinsatz wird das Auto abgeschleppt. Dann notfalls sogar rabiat mit einem Feuerwehrwagen.<\/p>\n<\/div>\n<\/div>\n<\/div>\n<hr \/>\n<div class=\"disabled-icon-holder\">\n<div class=\"open-close active\">\n<h3><\/h3>\n<h3><span class=\"opener\">&gt;&gt;Was passiert, wenn ich auf einer Sperrfl\u00e4che parke oder so in einer engen Stra\u00dfe, dass ich Rettungskr\u00e4fte am Durchkommen hindere?<\/span><\/h3>\n<div class=\"slide\">\n<p>Laut Stra\u00dfenverkehrsordnung ist das Halten an engen Stra\u00dfenstellen verboten. Das Bu\u00dfgeld daf\u00fcr erh\u00f6ht sich bei Behinderung. Auch enge Stellen m\u00fcssen mit Fahrzeugen von normaler Breite durchfahren werden k\u00f6nnen. Lastwagen z\u00e4hlen in Wohngebieten dazu in der Regel nicht.<\/p>\n<p>Dennoch ist es nat\u00fcrlich sinnvoll, ausreichend Platz zu allen Seiten zu lassen, damit auch Feuerwehr und Rettungsdienste zum Einsatzort kommen. Im Notfall kann die Feuerwehr das Auto abschleppen oder wegziehen. Vor allem dann, wenn Gefahr im Verzug ist.<\/p>\n<\/div>\n<\/div>\n<hr \/>\n<div class=\"open-close active\">\n<h3><\/h3>\n<h3><span class=\"opener\">&gt;&gt; Wie erleichtere ich der Feuerwehr die Arbeit?<\/span><\/h3>\n<div class=\"slide\">\n<p>Ein guter Anfang ist: Nur auf ausgewiesenen Fl\u00e4chen parken, m\u00f6glichst weder Hydranten noch Feuerwehrzufahrten zuparken, nicht die Stra\u00dfen k\u00fcnstlich verengen, indem zu dicht an der Ecke geparkt wird.<\/p>\n<p>Im Stra\u00dfenverkehr: Naht ein Einsatzfahrzeug mit Martinshorn, Rettungsgasse bilden und Feuerwehr, Polizei oder Notarzt durchlassen. Grunds\u00e4tzlich muss man auf Autobahnen und Stra\u00dfen mit mehreren Fahrstreifen auf der linken Spur nach links ausweichen. Fahrer auf der mittleren oder rechten Spur orientieren sich nach rechts. Vor einer roten Ampel darf bei gebotener Vorsicht das Fahrzeug auch \u00fcber die Haltelinie bewegt werden.<\/p>\n<\/div>\n<\/div>\n<\/div>\n<hr \/>\n<div class=\"disabled-icon-holder\">\n<div class=\"open-close active\">\n<h3><\/h3>\n<h3><span class=\"opener\">&gt;&gt; Gaffer: \u201eIch will doch nur sehen, was passiert ist\u201c<\/span><\/h3>\n<div class=\"slide\">\n<p>So spannend f\u00fcr neugierige Menschen ein Unfall auch sein mag. Gaffer behindern die Arbeit der Rettungskr\u00e4fte und gef\u00e4hrden sich und andere Menschen. Starkes Abbremsen behindert den Verkehr, es k\u00f6nnen weitere Unf\u00e4lle passieren. Nachfragen bei den Rettungskr\u00e4ften, was denn los sei, behindert sie in ihrer Arbeit. Sich in die richtige Position zum Fotografieren bringen, auch. Deshalb: Schaut nach vorne und fahrt oder geht z\u00fcgig weiter.<\/p>\n<\/div>\n<\/div>\n<\/div>\n<div class=\"disabled-icon-holder\"><\/div>\n","protected":false},"excerpt":{"rendered":"<p>Ist Gefahr im Verzug, kommen wir: Feuerwehr, Notarzt, Polizei und andere Rettungsdienste. Schnell sollen wir sein, Feuer l\u00f6schen, Leben retten. Aber aus Gedankenlosigkeit, Unwissen oder Eile behindern uns viele Autofahrer beim Einsatz. Was helfen Feuerwehrzufahrten oder Hydranten, wenn sie von Autofahrer zu geparkt werden? Denn im Notfall kommt es auf jede Minute an! L\u00f6schwasser aus [&hellip;]<\/p>\n","protected":false},"author":1,"featured_media":0,"parent":3779,"menu_order":2,"comment_status":"closed","ping_status":"closed","template":"full-width","meta":{"saved_in_kubio":true,"footnotes":"","_links_to":"","_links_to_target":""},"class_list":["post-4030","page","type-page","status-publish","hentry"],"kubio_ai_page_context":{"short_desc":"","purpose":"general"},"_links":{"self":[{"href":"https:\/\/ff-margarethenhoehe.de\/index.php?rest_route=\/wp\/v2\/pages\/4030","targetHints":{"allow":["GET"]}}],"collection":[{"href":"https:\/\/ff-margarethenhoehe.de\/index.php?rest_route=\/wp\/v2\/pages"}],"about":[{"href":"https:\/\/ff-margarethenhoehe.de\/index.php?rest_route=\/wp\/v2\/types\/page"}],"author":[{"embeddable":true,"href":"https:\/\/ff-margarethenhoehe.de\/index.php?rest_route=\/wp\/v2\/users\/1"}],"replies":[{"embeddable":true,"href":"https:\/\/ff-margarethenhoehe.de\/index.php?rest_route=%2Fwp%2Fv2%2Fcomments&post=4030"}],"version-history":[{"count":1,"href":"https:\/\/ff-margarethenhoehe.de\/index.php?rest_route=\/wp\/v2\/pages\/4030\/revisions"}],"predecessor-version":[{"id":6160,"href":"https:\/\/ff-margarethenhoehe.de\/index.php?rest_route=\/wp\/v2\/pages\/4030\/revisions\/6160"}],"up":[{"embeddable":true,"href":"https:\/\/ff-margarethenhoehe.de\/index.php?rest_route=\/wp\/v2\/pages\/3779"}],"wp:attachment":[{"href":"https:\/\/ff-margarethenhoehe.de\/index.php?rest_route=%2Fwp%2Fv2%2Fmedia&parent=4030"}],"curies":[{"name":"wp","href":"https:\/\/api.w.org\/{rel}","templated":true}]}}