{"id":3986,"date":"2017-12-14T15:27:47","date_gmt":"2017-12-14T14:27:47","guid":{"rendered":"http:\/\/ff-margarethenhoehe.de\/?page_id=3986"},"modified":"2024-03-17T14:49:09","modified_gmt":"2024-03-17T13:49:09","slug":"tag-der-offenen-tuer-2017","status":"publish","type":"page","link":"https:\/\/ff-margarethenhoehe.de\/?page_id=3986","title":{"rendered":"Tag der offenen T\u00fcr 2017"},"content":{"rendered":"<p style=\"text-align: justify;\">Wir hoffen, dass Ihnen unser Tag der offenen T\u00fcr sowohl von den Speisen als auch den Vorf\u00fchrungen gefallen hat. Trotz turbulenten Wetterverh\u00e4ltnissen hatten wir gro\u00dfes Gl\u00fcck. Insbesondere der gro\u00dfe Besucheransturm an Familien, machte uns am Sonntag stolz. Hiermit m\u00f6chten wir uns bei allen Besucherinnen und Besucher, die damit gleichzeitig unsere Unterst\u00fctzer sind, bedanken! Sofern Sie Anregungen, Kritik oder auch Lob loswerden m\u00f6chten, freuen wir uns \u00fcber Ihre Nachricht \u00fcber das Kontaktformular.<\/p>\n<p>&#8211; Impressionen zum Sommerfest 2017!<\/p>\n<div style=\"width: 1600px;\" class=\"wp-video\"><video class=\"wp-video-shortcode\" id=\"video-3986-1\" width=\"1600\" height=\"900\" autoplay preload=\"auto\" controls=\"controls\"><source type=\"video\/mp4\" src=\"https:\/\/ff-margarethenhoehe.de\/wp-content\/uploads\/2017\/07\/TDOT17.mp4?_=1\" \/><a href=\"https:\/\/ff-margarethenhoehe.de\/wp-content\/uploads\/2017\/07\/TDOT17.mp4\">https:\/\/ff-margarethenhoehe.de\/wp-content\/uploads\/2017\/07\/TDOT17.mp4<\/a><\/video><\/div>\n","protected":false},"excerpt":{"rendered":"<p>Wir hoffen, dass Ihnen unser Tag der offenen T\u00fcr sowohl von den Speisen als auch den Vorf\u00fchrungen gefallen hat. Trotz turbulenten Wetterverh\u00e4ltnissen hatten wir gro\u00dfes Gl\u00fcck. Insbesondere der gro\u00dfe Besucheransturm an Familien, machte uns am Sonntag stolz. Hiermit m\u00f6chten wir uns bei allen Besucherinnen und Besucher, die damit gleichzeitig unsere Unterst\u00fctzer sind, bedanken! Sofern Sie [&hellip;]<\/p>\n","protected":false},"author":1,"featured_media":0,"parent":16,"menu_order":3,"comment_status":"closed","ping_status":"closed","template":"full-width","meta":{"saved_in_kubio":true,"footnotes":"","_links_to":"","_links_to_target":""},"class_list":["post-3986","page","type-page","status-publish","hentry"],"kubio_ai_page_context":{"short_desc":"","purpose":"general"},"_links":{"self":[{"href":"https:\/\/ff-margarethenhoehe.de\/index.php?rest_route=\/wp\/v2\/pages\/3986","targetHints":{"allow":["GET"]}}],"collection":[{"href":"https:\/\/ff-margarethenhoehe.de\/index.php?rest_route=\/wp\/v2\/pages"}],"about":[{"href":"https:\/\/ff-margarethenhoehe.de\/index.php?rest_route=\/wp\/v2\/types\/page"}],"author":[{"embeddable":true,"href":"https:\/\/ff-margarethenhoehe.de\/index.php?rest_route=\/wp\/v2\/users\/1"}],"replies":[{"embeddable":true,"href":"https:\/\/ff-margarethenhoehe.de\/index.php?rest_route=%2Fwp%2Fv2%2Fcomments&post=3986"}],"version-history":[{"count":1,"href":"https:\/\/ff-margarethenhoehe.de\/index.php?rest_route=\/wp\/v2\/pages\/3986\/revisions"}],"predecessor-version":[{"id":6161,"href":"https:\/\/ff-margarethenhoehe.de\/index.php?rest_route=\/wp\/v2\/pages\/3986\/revisions\/6161"}],"up":[{"embeddable":true,"href":"https:\/\/ff-margarethenhoehe.de\/index.php?rest_route=\/wp\/v2\/pages\/16"}],"wp:attachment":[{"href":"https:\/\/ff-margarethenhoehe.de\/index.php?rest_route=%2Fwp%2Fv2%2Fmedia&parent=3986"}],"curies":[{"name":"wp","href":"https:\/\/api.w.org\/{rel}","templated":true}]}}