{"id":3820,"date":"2017-09-06T00:24:15","date_gmt":"2017-09-05T22:24:15","guid":{"rendered":"http:\/\/ff-margarethenhoehe.de\/?page_id=3820"},"modified":"2024-03-17T14:51:59","modified_gmt":"2024-03-17T13:51:59","slug":"sichtbare-hausnummer","status":"publish","type":"page","link":"https:\/\/ff-margarethenhoehe.de\/?page_id=3820","title":{"rendered":"Sichtbare Hausnummer"},"content":{"rendered":"<h2 style=\"text-align: justify;\" data-fontsize=\"18\" data-lineheight=\"27\">Gut sichtbare Hausnummern sind wichtig f\u00fcr Feuerwehr und Rettungsdienst<\/h2>\n<p class=\"eingerueckt40\" style=\"text-align: justify;\">Eine gut sichtbare Hausnummer an jedem Geb\u00e4ude hilft der Feuerwehr und dem Rettungsdienst h\u00e4ufig beim Finden einer Einsatzstelle. Wer selbst f\u00fcr eine klar erkennbare Hausnummer sorgt, erh\u00f6ht damit auch die eigene Sicherheit\u201c<\/p>\n<p class=\"eingerueckt40\" style=\"text-align: justify;\">Nicht immer sind Einsatzstellen f\u00fcr Rettungskr\u00e4fte bei der Anfahrt sofort erkennbar: Ein Mensch ist allein zu Hause und ist gest\u00fcrzt, kann nicht mehr allein aufstehen und die Rettungskr\u00e4fte hereinlassen. Die Feuerwehr erh\u00e4lt einen Notruf per Telefon \u2013 und muss h\u00e4ufig den richtigen Hauseingang suchen, weil keine Hausnummern angebracht sind. Auch wenn die meisten St\u00e4dte und Gemeinden in Satzungen das Anbringen von Hausnummern vorschreiben, halten sich die Hauseigent\u00fcmer nicht immer an diese Bestimmung. In dringenden Notf\u00e4llen k\u00f6nnen so wertvolle Minuten verloren gehen. Daher ist es wichtig, jede Hausnummer klar und deutlich m\u00f6glichst von der Stra\u00dfe aus erkennen zu k\u00f6nnen.\u201c<\/p>\n<h2 style=\"text-align: justify;\" data-fontsize=\"18\" data-lineheight=\"27\">Tipps beim Anbringen von Hausnummern zu beachten:<\/h2>\n<ul class=\"eingerueckt40\">\n<li style=\"text-align: justify;\">Die Hausnummer sollte von der Stra\u00dfe aus klar erkennbar sein.<\/li>\n<li style=\"text-align: justify;\">Die erforderliche Gr\u00f6\u00dfe der Zeichen h\u00e4ngt von der Lage der Hausnummer zur Stra\u00dfe ab. Die Hausnummer darf nicht durch B\u00e4ume, Pflanzen, parkende Fahrzeuge oder \u00e4hnliches verdeckt werden.<\/li>\n<li style=\"text-align: justify;\">Hilfreich ist eine bei Dunkelheit beleuchtete Hausnummer, um diese auch rund um die Uhr bei Bedarf schnell erkennen zu k\u00f6nnen.<\/li>\n<li style=\"text-align: justify;\">Wenn ein Vorgarten vorhanden ist, der das Geb\u00e4ude zur Stra\u00dfe hin verdeckt oder die Hausnummer nicht erkennen l\u00e4sst, sollte die Hausnummer neben der Einfahrt angebracht oder mit einem Schild aufgestellt werden.<\/li>\n<\/ul>\n","protected":false},"excerpt":{"rendered":"<p>Gut sichtbare Hausnummern sind wichtig f\u00fcr Feuerwehr und Rettungsdienst Eine gut sichtbare Hausnummer an jedem Geb\u00e4ude hilft der Feuerwehr und dem Rettungsdienst h\u00e4ufig beim Finden einer Einsatzstelle. Wer selbst f\u00fcr eine klar erkennbare Hausnummer sorgt, erh\u00f6ht damit auch die eigene Sicherheit\u201c Nicht immer sind Einsatzstellen f\u00fcr Rettungskr\u00e4fte bei der Anfahrt sofort erkennbar: Ein Mensch ist [&hellip;]<\/p>\n","protected":false},"author":1,"featured_media":0,"parent":3779,"menu_order":8,"comment_status":"closed","ping_status":"closed","template":"full-width","meta":{"saved_in_kubio":true,"footnotes":"","_links_to":"","_links_to_target":""},"class_list":["post-3820","page","type-page","status-publish","hentry"],"kubio_ai_page_context":{"short_desc":"","purpose":"general"},"_links":{"self":[{"href":"https:\/\/ff-margarethenhoehe.de\/index.php?rest_route=\/wp\/v2\/pages\/3820","targetHints":{"allow":["GET"]}}],"collection":[{"href":"https:\/\/ff-margarethenhoehe.de\/index.php?rest_route=\/wp\/v2\/pages"}],"about":[{"href":"https:\/\/ff-margarethenhoehe.de\/index.php?rest_route=\/wp\/v2\/types\/page"}],"author":[{"embeddable":true,"href":"https:\/\/ff-margarethenhoehe.de\/index.php?rest_route=\/wp\/v2\/users\/1"}],"replies":[{"embeddable":true,"href":"https:\/\/ff-margarethenhoehe.de\/index.php?rest_route=%2Fwp%2Fv2%2Fcomments&post=3820"}],"version-history":[{"count":1,"href":"https:\/\/ff-margarethenhoehe.de\/index.php?rest_route=\/wp\/v2\/pages\/3820\/revisions"}],"predecessor-version":[{"id":6166,"href":"https:\/\/ff-margarethenhoehe.de\/index.php?rest_route=\/wp\/v2\/pages\/3820\/revisions\/6166"}],"up":[{"embeddable":true,"href":"https:\/\/ff-margarethenhoehe.de\/index.php?rest_route=\/wp\/v2\/pages\/3779"}],"wp:attachment":[{"href":"https:\/\/ff-margarethenhoehe.de\/index.php?rest_route=%2Fwp%2Fv2%2Fmedia&parent=3820"}],"curies":[{"name":"wp","href":"https:\/\/api.w.org\/{rel}","templated":true}]}}