{"id":3816,"date":"2017-09-06T00:22:03","date_gmt":"2017-09-05T22:22:03","guid":{"rendered":"http:\/\/ff-margarethenhoehe.de\/?page_id=3816"},"modified":"2024-03-17T14:52:28","modified_gmt":"2024-03-17T13:52:28","slug":"gefahr-kohlenmonoxid","status":"publish","type":"page","link":"https:\/\/ff-margarethenhoehe.de\/?page_id=3816","title":{"rendered":"Gefahr Kohlenmonoxid"},"content":{"rendered":"<h2 style=\"text-align: justify;\" data-fontsize=\"18\" data-lineheight=\"27\">1. W<img loading=\"lazy\" decoding=\"async\" class=\"alignleft size-full wp-image-15616\" src=\"http:\/\/feuerwehr-mettmann.de\/wordpress\/wp-content\/uploads\/2017\/02\/co.gif\" alt=\"\" width=\"130\" height=\"156\" \/>ie gro\u00df ist die Gefahr durch Kohlenstoffmonoxid?<\/h2>\n<p class=\"eingerueckt40\" style=\"text-align: justify;\">Vor allem w\u00e4hrend der Heizperiode des Winters 2011\/2012 wurden die deutschen Feuerwehren wiederholt zu Eins\u00e4tzen mit Vergiftungen durch Kohlenstoffmonoxid, chemische Schreibweise \u201eCO\u201c, alarmiert. Das Spektrum dieser Eins\u00e4tze reichte von Unf\u00e4llen durch defekte Gasthermen, Fehlbedienung von Kamin\u00f6fen bis zum \u201eIndoor\u201c-Grillen. In fast allen F\u00e4llen erkannten die Betroffenen die Gefahr nicht oder zu einem Zeitpunkt, an dem schon deutliche Folgen einer akuten Vergiftung eingetreten waren. Die Folge waren einzelne Todesf\u00e4lle oder oft mehrere Verletzte pro Fall, bei denen \u2013 trotz umfangreicher Therapie \u2013 nicht immer Sp\u00e4tfolgen dieser Vergiftung abgewendet werden konnten. Laut statistischem Bundesamt sind im Jahr 2010 481 Menschen in Deutschland an einer CO-Vergiftung gestorben, wobei teilweise auch Tote nach Br\u00e4nden mitgez\u00e4hlt wurden.<\/p>\n<h2 data-fontsize=\"18\" data-lineheight=\"27\">2. Wo entsteht Kohlenstoffmonoxid in meinem Haushalt?<\/h2>\n<p class=\"eingerueckt40\" style=\"text-align: justify;\">Kohlenstoffmonoxid entsteht bei Verbrennung kohlenstoffhaltiger Substanzen, z.B. Holz, Kohle, Papier, Erd- und Fl\u00fcssiggas oder vieler Kunststoffe im Fall einer nicht ausreichenden Sauerstoffzufuhr. Da Verbrennungsreaktionen in der Natur und Technik niemals in allen Bereichen der Flamme das ideale Mischungsverh\u00e4ltnis aus Brennstoff \u2013 und Sauerstoff bieten, entsteht zwangsl\u00e4ufig bei jeder Verbrennung kohlenstoffhaltiger Substanzen \u2013 zumindest in Spuren \u2013 Kohlenstoffmonoxid.<\/p>\n<p class=\"eingerueckt40\" style=\"text-align: justify;\">Normalerweise ist das kein Problem, wenn Sie z.B. den Holzkohlengrill im Freien benutzen, ihre Heizung ordnungsgem\u00e4\u00df funktioniert und die Abgase \u00fcber den Kamin abgeleitet werden. Gef\u00e4hrlich wird es erst, wenn Kohlenmonoxid in gro\u00dfen Mengen entsteht und es sich in Aufenthaltsr\u00e4umen von Menschen und Tieren anreichert.<\/p>\n<h2 style=\"text-align: justify;\" data-fontsize=\"18\" data-lineheight=\"27\">3. Wie wirkt Kohlenstoffmonoxid auf den Menschen?<\/h2>\n<p class=\"eingerueckt40\" style=\"text-align: justify;\">Kohlenstoffmonoxid ist farblos, geruchlos, geschmacklos und hochgiftig. Es kann vom Menschen nicht wahrgenommen werden. Im K\u00f6rper blockiert es den Sauerstofftransport \u00fcber die roten Blutk\u00f6rperchen und f\u00fchrt damit quasi zu einem \u201einneren Ersticken\u201c. Der Vergiftete versp\u00fcrt dabei jedoch keine Atemnot.<\/p>\n<p class=\"eingerueckt40\" style=\"text-align: justify;\">Bei leichten CO-Vergiftungen k\u00f6nnen die Symptome wie Kopfschmerzen, \u00dcbelkeit, Erbrechen und Schl\u00e4frigkeit leicht dazu f\u00fchren, dass die eigentliche Ursache \u00fcbersehen wird. Im Fall hoher CO-Konzentrationen in der Raumluft gen\u00fcgen bereits wenige Atemz\u00fcge bis zum Eintritt der Bewusstlosigkeit oder nachfolgend des Todes.<\/p>\n<h3 class=\"eingerueckt40\" style=\"text-align: justify;\" data-fontsize=\"16\" data-lineheight=\"24\">Richtiges Verhalten bei Verdacht auf eine CO-Vergiftung<\/h3>\n<p class=\"eingerueckt40\" style=\"text-align: justify;\">Vergiftungen durch Kohlenmonoxid sind selten und schwer zu erkennen. Sollten Sie daher aufgrund der Umst\u00e4nde und Symptome bei Ihnen oder anderen Personen das Vorliegen einer CO-Vergiftung vermuten, handeln Sie wie folgt:<\/p>\n<ul style=\"text-align: justify;\">\n<li>Verlassen Sie mit allen Personen sofort den m\u00f6glichen Gefahrenbereich und gehen Sie ins Freie!<\/li>\n<li>W\u00e4hlen Sie den Notruf 112 und schildern Sie Ihre Symptome und weisen Sie auf die vermutete Ursache Kohlenmonoxid hin<\/li>\n<li>Gef\u00e4hrden Sie sich nicht selbst durch Rettungsversuche<\/li>\n<li>Weisen Sie die Feuerwehr und den Rettungsdienst ein<\/li>\n<\/ul>\n<h2 style=\"text-align: justify;\" data-fontsize=\"18\" data-lineheight=\"27\">4. \u00dcberpr\u00fcfen Sie Ihren Haushalt auf m\u00f6gliche Gefahrenquellen<\/h2>\n<p class=\"eingerueckt40\" style=\"text-align: justify;\">M\u00f6gliche Gefahren bestehen an einer Heizungsanlage durch:<\/p>\n<ul style=\"text-align: justify;\">\n<li>Defekte oder mangelnde Wartung<\/li>\n<li>verlegte Schornsteinausl\u00e4sse, z.B. durch Sturmsch\u00e4den, Vogelnester<\/li>\n<li>undichte Schornsteinanschl\u00fcsse<\/li>\n<li>verstopfte oder verbaute Schornsteine, z.B. durch nachtr\u00e4glich eingebrachte Rohrleitungen<\/li>\n<li>Zu wenig Zuluft durch<br \/>\n\u2013 verschlossene T\u00fcr- und Fenster\u00f6ffnungen zur Heizanlage oder<br \/>\n\u2013 durch den Betrieb von (Abluft)-W\u00e4schetrocknern oder L\u00fcftungsger\u00e4ten in unmittelbarer N\u00e4he zur Heizung<\/li>\n<li>Verkleben der Brennersteuerung bei Gasthermen in Badezimmern durch Haarspray<\/li>\n<li>Nicht fachgerechte Nachinstallation von Kamin\u00f6ffen, z.B. durch Eigenbau<\/li>\n<li>Bedienungsfehler bei Kamin\u00f6fen (mangelnder \u201eZug\u201c)<\/li>\n<li>R\u00fcckstau der Abgase bei \u201eInversionswetterlagen\u201c in den Wintermonaten<\/li>\n<\/ul>\n<h3 class=\"eingerueckt40\" style=\"text-align: justify;\" data-fontsize=\"16\" data-lineheight=\"24\">Weitere Gefahrenquellen:<\/h3>\n<ul style=\"text-align: justify;\">\n<li>Einsatz von Ger\u00e4ten mit Verbrennungsmotoren bei unzureichender Bel\u00fcftung<\/li>\n<li>Betrieb von gasbetriebenen Ger\u00e4ten in geschlossenen R\u00e4umen, z.B. Heizpilze und Heizstrahler<\/li>\n<li>Der Betrieb von Gas- oder Kohlengrills auf ein- oder mehrseitig geschlossenen Balkonen oder vor Fenstern kann unbemerkt zur Kohlen-monoxidvergiftung f\u00fchren; ein brennender oder auch nur nachglimmender Holzkohlengrill innerhalb der Wohnung bedeutet akute Lebensgefahr!<\/li>\n<\/ul>\n<p class=\"eingerueckt40\" style=\"text-align: justify;\">Diese Aufz\u00e4hlung kann nicht umfassend sein.<\/p>\n<h2 style=\"text-align: justify;\" data-fontsize=\"18\" data-lineheight=\"27\">5. Zus\u00e4tzlicher Schutz durch Kohlenmonoxid-Warnmelder<\/h2>\n<p style=\"text-align: justify;\">Durch Installation eines Kohlenmonoxid-Warnmelders k\u00f6nnen Sie Ihren Schutz sinnvoll verbessern. Dabei ist jedoch zu beachten:<\/p>\n<ul style=\"text-align: justify;\">\n<li>Die Installation eines Kohlenmonoxidwarnmelders ist eine sinnvolle Erg\u00e4nzung und kein Ersatz f\u00fcr Rauchmelder.<\/li>\n<li>Ein Kohlenmonoxidwarnmelder kann keine Wartung der Heizanlage ersetzen oder Pr\u00fcfintervalle verl\u00e4ngern.<\/li>\n<\/ul>\n<p class=\"eingerueckt40\" style=\"text-align: justify;\">In Deutschland werden derzeit mehr als 15 verschiedene Modelle angeboten. Folgende Kriterien sollte ein CO-Warnmelder f\u00fcr den Einsatz in Wohnungen erf\u00fcllen:<\/p>\n<ul style=\"text-align: justify;\">\n<li style=\"list-style-type: none;\">\n<ul>\n<li>Elektrochemische oder Metalloxid-Messzelle;<br \/>\ndie in Deutschland auf dem Markt erh\u00e4ltlichen Melder haben fast alle eine elektrochemische Messzelle mit einer Haltbarkeit bis zu 7 Jahren<\/li>\n<li>Messung nach dem Integrationsprinzip, wobei sowohl die CO-Konzentration, als auch der Zeitraum \u00fcber den diese Konzentration gemessen wird, Alarm-Kriterien sind.<\/li>\n<li>Gepr\u00fcft nach DIN EN 50291-1; VDE 0400-34-1 2010-11<\/li>\n<li>Optischer und akustischer Alarm; deutlich unterscheidbare Alarm- und Diagnoset\u00f6ne<\/li>\n<li>Ein Anzeigedisplay ist sinnvoll zum Verst\u00e4ndnis der unterschiedlichen Meldungen und Alarme<\/li>\n<li>Automatischer Selbsttest; Warnung bei St\u00f6rungen; Anzeige des Endes der Lebensdauer der Messzelle<\/li>\n<li>\u2022 Batteriealarm<\/li>\n<li>\u2022 Batterielaufzeiten von einigen Jahren (bis zu 5) sind Standard; Die Batterie sollte selbst austauschbar sein<\/li>\n<li>Deutschsprachige Bedienungs- und Installationsanleitung<\/li>\n<li>Klare Handlungsweisungen auf dem Karton oder der Bedienungsanleitung f\u00fcr den Alarmfall<\/li>\n<\/ul>\n<\/li>\n<\/ul>\n<p style=\"text-align: justify;\">CO-Melder sollten wie folgt installiert werden:<\/p>\n<ul style=\"text-align: justify;\">\n<li>wird nur ein Melder installiert, sollte dieser im Schlafbereich oder im Flur vor dem Schlafbereich installiert werden; Installationsh\u00f6he zwischen 1,5 m bis 1,85 m oberhalb des Fussbodens<\/li>\n<li>f\u00fcr zus\u00e4tzlichen Schutz kann ein zweiter CO-Melder in mindestens 6m Abstand zur Heizung installiert werden<\/li>\n<li>CO-Melder sollten nicht in K\u00fcchen, feuchten oder sehr staubigen R\u00e4umen installiert werden<\/li>\n<\/ul>\n<p style=\"text-align: justify;\">Der Durchschnittspreis (04\/2012) betr\u00e4gt zwischen 30 \u2013 50 \u20ac pro St\u00fcck.<\/p>\n","protected":false},"excerpt":{"rendered":"<p>1. Wie gro\u00df ist die Gefahr durch Kohlenstoffmonoxid? Vor allem w\u00e4hrend der Heizperiode des Winters 2011\/2012 wurden die deutschen Feuerwehren wiederholt zu Eins\u00e4tzen mit Vergiftungen durch Kohlenstoffmonoxid, chemische Schreibweise \u201eCO\u201c, alarmiert. Das Spektrum dieser Eins\u00e4tze reichte von Unf\u00e4llen durch defekte Gasthermen, Fehlbedienung von Kamin\u00f6fen bis zum \u201eIndoor\u201c-Grillen. In fast allen F\u00e4llen erkannten die Betroffenen die [&hellip;]<\/p>\n","protected":false},"author":1,"featured_media":0,"parent":3779,"menu_order":3,"comment_status":"closed","ping_status":"closed","template":"full-width","meta":{"saved_in_kubio":true,"footnotes":"","_links_to":"","_links_to_target":""},"class_list":["post-3816","page","type-page","status-publish","hentry"],"kubio_ai_page_context":{"short_desc":"","purpose":"general"},"_links":{"self":[{"href":"https:\/\/ff-margarethenhoehe.de\/index.php?rest_route=\/wp\/v2\/pages\/3816","targetHints":{"allow":["GET"]}}],"collection":[{"href":"https:\/\/ff-margarethenhoehe.de\/index.php?rest_route=\/wp\/v2\/pages"}],"about":[{"href":"https:\/\/ff-margarethenhoehe.de\/index.php?rest_route=\/wp\/v2\/types\/page"}],"author":[{"embeddable":true,"href":"https:\/\/ff-margarethenhoehe.de\/index.php?rest_route=\/wp\/v2\/users\/1"}],"replies":[{"embeddable":true,"href":"https:\/\/ff-margarethenhoehe.de\/index.php?rest_route=%2Fwp%2Fv2%2Fcomments&post=3816"}],"version-history":[{"count":1,"href":"https:\/\/ff-margarethenhoehe.de\/index.php?rest_route=\/wp\/v2\/pages\/3816\/revisions"}],"predecessor-version":[{"id":6167,"href":"https:\/\/ff-margarethenhoehe.de\/index.php?rest_route=\/wp\/v2\/pages\/3816\/revisions\/6167"}],"up":[{"embeddable":true,"href":"https:\/\/ff-margarethenhoehe.de\/index.php?rest_route=\/wp\/v2\/pages\/3779"}],"wp:attachment":[{"href":"https:\/\/ff-margarethenhoehe.de\/index.php?rest_route=%2Fwp%2Fv2%2Fmedia&parent=3816"}],"curies":[{"name":"wp","href":"https:\/\/api.w.org\/{rel}","templated":true}]}}