{"id":3812,"date":"2017-09-06T00:18:14","date_gmt":"2017-09-05T22:18:14","guid":{"rendered":"http:\/\/ff-margarethenhoehe.de\/?page_id=3812"},"modified":"2024-03-17T14:53:57","modified_gmt":"2024-03-17T13:53:57","slug":"adventszeit","status":"publish","type":"page","link":"https:\/\/ff-margarethenhoehe.de\/?page_id=3812","title":{"rendered":"Adventszeit"},"content":{"rendered":"<h2 data-fontsize=\"18\" data-lineheight=\"27\">Kerzen, \u00a0Adventskr\u00e4nze und -gestecke<\/h2>\n<ul style=\"text-align: justify;\">\n<li>Stellen Sie Kerzen und Adventskr\u00e4nze mit ausreichendem Abstand zu brennbaren Gegenst\u00e4nden und nicht in die N\u00e4he von W\u00e4rmequellen.<\/li>\n<li>Verwenden Sie f\u00fcr Ihre Kerzen, Adventskr\u00e4nze und -gestecke nicht brennbare Unterlagen, z.B. Blechteller.<\/li>\n<li>Ersetzen Sie trockene Zweige durch frisches Tannengr\u00fcn, trockene Zweige brennen explosionsartig ab!<\/li>\n<li>Verwenden Sie zum Anz\u00fcnden von Kerzen bitte nur Sicherheitsz\u00fcndh\u00f6lzer oder geeignete Feuerzeuge; verwahren Sie diese an einem sicheren Platz.<\/li>\n<li>Beaufsichtigen Sie immer brennende Kerzen und lassen Sie diese nie alleine, vor allem nicht mit kleinen Kindern.<\/li>\n<\/ul>\n<h2 style=\"text-align: justify;\" data-fontsize=\"18\" data-lineheight=\"27\">\u00a0\u00a0Weihnachtsb\u00e4ume<\/h2>\n<ul class=\"eingerueckt40\">\n<li style=\"text-align: justify;\">Kaufen Sie Ihren Weihnachtsbaum erst kurz vor dem Weihnachtsfest und bewahren Sie ihn bis zu den Feiertagen im Freien auf.<\/li>\n<li style=\"text-align: justify;\">Versorgen und bespr\u00fchen Sie den Baum regelm\u00e4\u00dfig mit Wasser.<\/li>\n<li style=\"text-align: justify;\">Stellen Sie Ihren Weihnachtsbaum stand sicher auf. Halten Sie ausreichend Abstand zu brennbaren Gegenst\u00e4nden, wie z.B. Gardinen, M\u00f6bel und Teppichen. Der Baum sollte weit genug von T\u00fcren entfernt stehen, um im Brandfall den Raum schnell verlassen zu k\u00f6nnen.<\/li>\n<li style=\"text-align: justify;\">Verwenden Sie nach M\u00f6glichkeit elektrische Kerzen mit VDE-Zeichen. Achten Sie stets auf einwandfreie Leitungen und vorschriftsm\u00e4\u00dfigen Anschluss.<\/li>\n<li style=\"text-align: justify;\">M\u00f6chten Sie Wachskerzen verwenden, achten Sie beim Kauf auf nicht tropfenden Sicherheitskerzen. Der vor dem Kerzenboden endende Docht l\u00e4sst die Flamme vor dem Abbrennen erl\u00f6schen. Verwenden Sie Kerzenhalter aus feuerfestem Material.<\/li>\n<li style=\"text-align: justify;\">Befestigen Sie Wachskerzen sicher und mit ausreichendem Abstand zu dar\u00fcber liegenden Zweigen und Weihnachtsbaumschmuck.<\/li>\n<li style=\"text-align: justify;\">Z\u00fcnden Sie Wachskerzen von oben nach unten, an der R\u00fcckseite beginnend an und l\u00f6schen Sie in umgekehrter Reihenfolge.<\/li>\n<li style=\"text-align: justify;\">Verzichten Sie auf leicht entflammbare Baumdekorationen, wie Watte, Papier u.\u00e4.<\/li>\n<li style=\"text-align: justify;\">Lassen Sie die Kerzen nie ohne Aufsicht brennen!<\/li>\n<li style=\"text-align: justify;\">Halten Sie unbedingt geeignetes L\u00f6schmittel (Gie\u00dfkanne, Wassereimer oder Feuerl\u00f6scher) in greifbarer N\u00e4he bereit. (Das F\u00fcllen eines 10-Liter Wassereimers dauert ca. 1 Minute !)<\/li>\n<li style=\"text-align: justify;\">Denken Sie auch daran, dass Haustiere gerne mit Christbaumglocken und den sich auf- und ab bewegenden Zweigen spielen.<\/li>\n<li style=\"text-align: justify;\">Brennen Sie Wunderkerzen nie in unmittelbarer N\u00e4he zum Weihnachtsbaum ab, entfernen Sie gl\u00fchende Reste sorgf\u00e4ltig.<\/li>\n<\/ul>\n","protected":false},"excerpt":{"rendered":"<p>Kerzen, \u00a0Adventskr\u00e4nze und -gestecke Stellen Sie Kerzen und Adventskr\u00e4nze mit ausreichendem Abstand zu brennbaren Gegenst\u00e4nden und nicht in die N\u00e4he von W\u00e4rmequellen. Verwenden Sie f\u00fcr Ihre Kerzen, Adventskr\u00e4nze und -gestecke nicht brennbare Unterlagen, z.B. Blechteller. Ersetzen Sie trockene Zweige durch frisches Tannengr\u00fcn, trockene Zweige brennen explosionsartig ab! Verwenden Sie zum Anz\u00fcnden von Kerzen bitte nur [&hellip;]<\/p>\n","protected":false},"author":1,"featured_media":0,"parent":3779,"menu_order":1,"comment_status":"closed","ping_status":"closed","template":"full-width","meta":{"saved_in_kubio":true,"footnotes":"","_links_to":"","_links_to_target":""},"class_list":["post-3812","page","type-page","status-publish","hentry"],"kubio_ai_page_context":{"short_desc":"","purpose":"general"},"_links":{"self":[{"href":"https:\/\/ff-margarethenhoehe.de\/index.php?rest_route=\/wp\/v2\/pages\/3812","targetHints":{"allow":["GET"]}}],"collection":[{"href":"https:\/\/ff-margarethenhoehe.de\/index.php?rest_route=\/wp\/v2\/pages"}],"about":[{"href":"https:\/\/ff-margarethenhoehe.de\/index.php?rest_route=\/wp\/v2\/types\/page"}],"author":[{"embeddable":true,"href":"https:\/\/ff-margarethenhoehe.de\/index.php?rest_route=\/wp\/v2\/users\/1"}],"replies":[{"embeddable":true,"href":"https:\/\/ff-margarethenhoehe.de\/index.php?rest_route=%2Fwp%2Fv2%2Fcomments&post=3812"}],"version-history":[{"count":1,"href":"https:\/\/ff-margarethenhoehe.de\/index.php?rest_route=\/wp\/v2\/pages\/3812\/revisions"}],"predecessor-version":[{"id":6169,"href":"https:\/\/ff-margarethenhoehe.de\/index.php?rest_route=\/wp\/v2\/pages\/3812\/revisions\/6169"}],"up":[{"embeddable":true,"href":"https:\/\/ff-margarethenhoehe.de\/index.php?rest_route=\/wp\/v2\/pages\/3779"}],"wp:attachment":[{"href":"https:\/\/ff-margarethenhoehe.de\/index.php?rest_route=%2Fwp%2Fv2%2Fmedia&parent=3812"}],"curies":[{"name":"wp","href":"https:\/\/api.w.org\/{rel}","templated":true}]}}