{"id":3808,"date":"2017-09-06T00:16:26","date_gmt":"2017-09-05T22:16:26","guid":{"rendered":"http:\/\/ff-margarethenhoehe.de\/?page_id=3808"},"modified":"2024-03-17T14:54:18","modified_gmt":"2024-03-17T13:54:18","slug":"oster-brauchtumsfeuer","status":"publish","type":"page","link":"https:\/\/ff-margarethenhoehe.de\/?page_id=3808","title":{"rendered":"Oster-\/ Brauchtumsfeuer"},"content":{"rendered":"<p style=\"text-align: justify;\">Zu den Osterfeiertagen lodern in ganz Deutschland viele tausend Osterfeuer \u2013 doch dieser sch\u00f6ne Brauch f\u00fchrt j\u00e4hrlich auch zu zahlreichen Feuerwehreins\u00e4tzen. Leider geraten regelm\u00e4\u00dfig Br\u00e4nde au\u00dfer Kontrolle. Die Folge sind hohe Sach- oder sogar Personensch\u00e4den. Zudem werden die Feuerwehren aber auch durch viele Fehlalarme belastet, weil Osterfeuer unsachgem\u00e4\u00df abgebrannt werden.<\/p>\n<p style=\"text-align: justify;\">Deshalb geben wir Ihnen diese zw\u00f6lf Sicherheitstipps zum Osterfeuer mit auf dem Weg:<\/p>\n<ul class=\"eingerueckt40\" style=\"text-align: justify;\">\n<li>Vergessen Sie nicht, Ihr Osterfeuer ist beim Ordnungsamt der Stadt Essen anzumelden \u2013 Sie vermeiden so einen \u00e4rgerlichen Fehleinsatz der Feuerwehr, der unter Umst\u00e4nden geb\u00fchrenpflichtig wird.<\/li>\n<li>Verwenden Sie nur trockene Pflanzenreste und unbehandeltes Holz \u2013 der Umwelt zuliebe. Kunststoffe wie Plastikt\u00fcten und Autoreifen, aber auch andere Abf\u00e4lle haben im Osterfeuer nichts verloren.<\/li>\n<li>Denken Sie daran, das Brennmaterial kurz vor dem Anz\u00fcnden noch einmal umzuschichten, damit Ihr Osterfeuer nicht zur Flammenfalle f\u00fcr Tiere wird.<\/li>\n<li>Halten Sie wegen Rauch und Hitze ausreichend Sicherheitsabstand zu Geb\u00e4uden und B\u00e4umen (mindestens 50 Meter) und zu Stra\u00dfen (mindestens 100 Meter) ein. Beachten Sie die Hauptwindrichtung und die Rauchentwicklung.<\/li>\n<li>Seien Sie vorsichtig beim Anz\u00fcnden. Brennbare Fl\u00fcssigkeiten als Brandbeschleuniger bergen ein hohes Risiko, davon raten wir Ihnen ab!<\/li>\n<li>Offenes Feuer muss grunds\u00e4tzlich beaufsichtigt werden. Sorgen Sie daf\u00fcr, dass das Feuer sich nicht unkontrolliert ausbreiten kann. Passen Sie auf kleine Kinder auf. Sie unterliegen schnell der Faszination des Feuers und untersch\u00e4tzen die ihnen unbekannte Gefahr.<\/li>\n<li>Brennen Sie nicht zu viel Material auf einmal ab, vermeiden Sie gef\u00e4hrlichen Funkenflug.<\/li>\n<li>Strohballen k\u00f6nnen sich allein durch die Hitzestrahlung entz\u00fcnden und sind deshalb eine gef\u00e4hrliche Sitzgelegenheit.<\/li>\n<li>Vermeiden Sie Rauchbel\u00e4stigung durch zu feuchtes Material \u2013 Ihre Nachbarn werden es Ihnen danken.<\/li>\n<li>Halten Sie eine Zufahrt f\u00fcr die Feuerwehr und den Rettungsdienst frei.<\/li>\n<li>Kleinere Verbrennungen k\u00fchlen Sie sofort mit Wasser: Maximal zehn Minuten lang (Leitungswassertemperatur 10 bis 20 Grad Celsius). Bei gro\u00dffl\u00e4chigen Verbrennungen und auf der Haut haftenden Substanzen sollte nur prim\u00e4r abgel\u00f6scht werden. L\u00e4ngere K\u00fchlung f\u00fchrt zur Unterk\u00fchlung der betroffenen Person. Alarmieren Sie sofort den Rettungsdienst \u00fcber die Notrufnummer 112.<\/li>\n<li>Sollte Ihnen Ihr Feuer au\u00dfer Kontrolle geraten, so z\u00f6gern Sie nicht, sofort die Feuerwehr \u00fcber Notruf 112 zu alarmieren.<\/li>\n<\/ul>\n","protected":false},"excerpt":{"rendered":"<p>Zu den Osterfeiertagen lodern in ganz Deutschland viele tausend Osterfeuer \u2013 doch dieser sch\u00f6ne Brauch f\u00fchrt j\u00e4hrlich auch zu zahlreichen Feuerwehreins\u00e4tzen. Leider geraten regelm\u00e4\u00dfig Br\u00e4nde au\u00dfer Kontrolle. Die Folge sind hohe Sach- oder sogar Personensch\u00e4den. Zudem werden die Feuerwehren aber auch durch viele Fehlalarme belastet, weil Osterfeuer unsachgem\u00e4\u00df abgebrannt werden. Deshalb geben wir Ihnen diese [&hellip;]<\/p>\n","protected":false},"author":1,"featured_media":0,"parent":3779,"menu_order":5,"comment_status":"closed","ping_status":"closed","template":"full-width","meta":{"saved_in_kubio":true,"footnotes":"","_links_to":"","_links_to_target":""},"class_list":["post-3808","page","type-page","status-publish","hentry"],"kubio_ai_page_context":{"short_desc":"","purpose":"general"},"_links":{"self":[{"href":"https:\/\/ff-margarethenhoehe.de\/index.php?rest_route=\/wp\/v2\/pages\/3808","targetHints":{"allow":["GET"]}}],"collection":[{"href":"https:\/\/ff-margarethenhoehe.de\/index.php?rest_route=\/wp\/v2\/pages"}],"about":[{"href":"https:\/\/ff-margarethenhoehe.de\/index.php?rest_route=\/wp\/v2\/types\/page"}],"author":[{"embeddable":true,"href":"https:\/\/ff-margarethenhoehe.de\/index.php?rest_route=\/wp\/v2\/users\/1"}],"replies":[{"embeddable":true,"href":"https:\/\/ff-margarethenhoehe.de\/index.php?rest_route=%2Fwp%2Fv2%2Fcomments&post=3808"}],"version-history":[{"count":1,"href":"https:\/\/ff-margarethenhoehe.de\/index.php?rest_route=\/wp\/v2\/pages\/3808\/revisions"}],"predecessor-version":[{"id":6170,"href":"https:\/\/ff-margarethenhoehe.de\/index.php?rest_route=\/wp\/v2\/pages\/3808\/revisions\/6170"}],"up":[{"embeddable":true,"href":"https:\/\/ff-margarethenhoehe.de\/index.php?rest_route=\/wp\/v2\/pages\/3779"}],"wp:attachment":[{"href":"https:\/\/ff-margarethenhoehe.de\/index.php?rest_route=%2Fwp%2Fv2%2Fmedia&parent=3808"}],"curies":[{"name":"wp","href":"https:\/\/api.w.org\/{rel}","templated":true}]}}