{"id":3804,"date":"2017-09-06T00:12:13","date_gmt":"2017-09-05T22:12:13","guid":{"rendered":"http:\/\/ff-margarethenhoehe.de\/?page_id=3804"},"modified":"2024-03-17T14:54:35","modified_gmt":"2024-03-17T13:54:35","slug":"rettungsgasse","status":"publish","type":"page","link":"https:\/\/ff-margarethenhoehe.de\/?page_id=3804","title":{"rendered":"Rettungsgasse"},"content":{"rendered":"<p style=\"text-align: justify;\">Seit dem 1.1.2017 gilt eine einfachere Regelung f\u00fcr die Bildung einer Rettungsgasse: Die Rettungsgasse muss immer zwischen der \u00e4u\u00dfersten linken Spur und der unmittelbar rechts daneben gebildet werden.<\/p>\n<p><iframe loading=\"lazy\" hcb-fetch-image-from=\"https:\/\/youtu.be\/Sjv3L1u_h5M\" title=\"Anleitung: So funktioniert die neue Rettungsgasse\" width=\"500\" height=\"281\" src=\"https:\/\/www.youtube.com\/embed\/Sjv3L1u_h5M?feature=oembed\" frameborder=\"0\" allow=\"accelerometer; autoplay; clipboard-write; encrypted-media; gyroscope; picture-in-picture; web-share\" referrerpolicy=\"strict-origin-when-cross-origin\" allowfullscreen><\/iframe><\/p>\n","protected":false},"excerpt":{"rendered":"<p>Seit dem 1.1.2017 gilt eine einfachere Regelung f\u00fcr die Bildung einer Rettungsgasse: Die Rettungsgasse muss immer zwischen der \u00e4u\u00dfersten linken Spur und der unmittelbar rechts daneben gebildet werden.<\/p>\n","protected":false},"author":1,"featured_media":0,"parent":3779,"menu_order":7,"comment_status":"closed","ping_status":"closed","template":"full-width","meta":{"saved_in_kubio":true,"footnotes":"","_links_to":"","_links_to_target":""},"class_list":["post-3804","page","type-page","status-publish","hentry"],"kubio_ai_page_context":{"short_desc":"","purpose":"general"},"_links":{"self":[{"href":"https:\/\/ff-margarethenhoehe.de\/index.php?rest_route=\/wp\/v2\/pages\/3804","targetHints":{"allow":["GET"]}}],"collection":[{"href":"https:\/\/ff-margarethenhoehe.de\/index.php?rest_route=\/wp\/v2\/pages"}],"about":[{"href":"https:\/\/ff-margarethenhoehe.de\/index.php?rest_route=\/wp\/v2\/types\/page"}],"author":[{"embeddable":true,"href":"https:\/\/ff-margarethenhoehe.de\/index.php?rest_route=\/wp\/v2\/users\/1"}],"replies":[{"embeddable":true,"href":"https:\/\/ff-margarethenhoehe.de\/index.php?rest_route=%2Fwp%2Fv2%2Fcomments&post=3804"}],"version-history":[{"count":1,"href":"https:\/\/ff-margarethenhoehe.de\/index.php?rest_route=\/wp\/v2\/pages\/3804\/revisions"}],"predecessor-version":[{"id":6171,"href":"https:\/\/ff-margarethenhoehe.de\/index.php?rest_route=\/wp\/v2\/pages\/3804\/revisions\/6171"}],"up":[{"embeddable":true,"href":"https:\/\/ff-margarethenhoehe.de\/index.php?rest_route=\/wp\/v2\/pages\/3779"}],"wp:attachment":[{"href":"https:\/\/ff-margarethenhoehe.de\/index.php?rest_route=%2Fwp%2Fv2%2Fmedia&parent=3804"}],"curies":[{"name":"wp","href":"https:\/\/api.w.org\/{rel}","templated":true}]}}