{"id":3798,"date":"2017-09-06T00:01:52","date_gmt":"2017-09-05T22:01:52","guid":{"rendered":"http:\/\/ff-margarethenhoehe.de\/?page_id=3798"},"modified":"2024-03-17T14:54:56","modified_gmt":"2024-03-17T13:54:56","slug":"notruf-112","status":"publish","type":"page","link":"https:\/\/ff-margarethenhoehe.de\/?page_id=3798","title":{"rendered":"Notruf 112"},"content":{"rendered":"<h2 style=\"text-align: justify;\" data-fontsize=\"18\" data-lineheight=\"27\">Was bedeutet der Notruf?<\/h2>\n<p class=\"eingerueckt40\" style=\"text-align: justify;\">Notf\u00e4lle sind vorrangig alle Situationen, in denen Gefahr f\u00fcr Leib und Leben des Betroffenen besteht oder bedeutende Sachwerte gef\u00e4hrdet sind. \u00dcber den Notruf 112 k\u00f6nnen Sie die Feuerwehr sowie den Rettungsdienst \u00fcber einen Notfall verst\u00e4ndigen. Die Notrufnummer 112 ist kostenfrei und europaweit einheitlich!<\/p>\n<p class=\"eingerueckt40\" style=\"text-align: justify;\">Der Anrufer wird zur regional zust\u00e4ndigen Leitstelle verbunden. Nach Beschreibung des Notfalls alarmiert der Leitstellendisponent die im Leitstellengebiet verf\u00fcgbaren und zur Abarbeitung des Notfalls erforderlichen Kr\u00e4fte und Mittel zur Einsatzstelle. Die Software des Leitstellenrechnersystems unterst\u00fctzt den Leitstellendisponent bei der Disposition. Im Bedarfsfall kann der Leitstellendisponent weitere Kr\u00e4fte und Mittel, zum Beispiel aus benachbarten Leitstellengebieten, anfordern. Dies kann bei der Bew\u00e4ltigung von gr\u00f6\u00dferen Einsatzgeschehen notwendig sein.<\/p>\n<h2 style=\"text-align: justify;\" data-fontsize=\"18\" data-lineheight=\"27\">Wie melde ich einen Notfall richtig?<\/h2>\n<p class=\"eingerueckt40\" style=\"text-align: justify;\">Damit schnell und effektiv Hilfe geleistet werden kann, ben\u00f6tigen die Leitstellendisponenten genaue Angaben \u00fcber den Notfall. Der Notruf besteht aus den f\u00fcnf W-Fragen:<\/p>\n<ul class=\"eingerueckt40\" style=\"text-align: justify;\">\n<li><strong>Was ist passiert ?<\/strong><br \/>\nEine kurze Lagenbeschreibung hilft der Leitstelle, die richtigen Hilfsma\u00dfnahmen einzuleiten, d.h. Rettungsdienst, Feuerwehr oder ggf. auch die Polizei zu alarmieren.<\/li>\n<li><strong>Wo ist es passiert?<\/strong><br \/>\nBitte nennen Sie uns Ort, Stra\u00dfe und Hausnummer und ggf. Stockwerk!<\/li>\n<li><strong>Wie viele Verletzte gibt es?<\/strong><br \/>\nDie genaue Zahl der Verletzten hilft der Leitstelle bei der Entscheidung, ausreichend Rettungswagen etc. zu alarmieren.<\/li>\n<li><strong>Wer meldet den Notruf?<\/strong><br \/>\nBitte nennen Sie deutlich Ihren Namen und ggf. Ihre Telefonnummer!<\/li>\n<li><strong>Warten Sie auf R\u00fcckfragen!<\/strong><br \/>\nWarten Sie auf R\u00fcckfragen der Leitstelle. Diese kann ggf. noch weitere Informationen ben\u00f6tigen.<\/li>\n<\/ul>\n<p class=\"eingerueckt40\" style=\"text-align: justify;\">Beenden Sie den Anruf nicht selbst, sondern warten Sie, bis Ihnen der Leitstellendisponent mitteilt, dass Sie auflegen k\u00f6nnen. W\u00e4hrend des Gespr\u00e4ches kann es noch R\u00fcckfragen geben (z.B. wegen Verst\u00e4ndigungsschwierigkeiten \u2013 \u00e4hnlich klingende Ortsbezeichnungen)!<\/p>\n<p class=\"eingerueckt40\" style=\"text-align: justify;\">Je ruhiger Sie sind und je mehr Informationen Sie der Leitstelle (z.B. genaue Angaben \u00fcber die \u00d6rtlichkeiten, Art der Verletzungen), umso einfacher und schneller kann Ihr Notruf abgearbeitet werden.<\/p>\n<h2 style=\"text-align: justify;\" data-fontsize=\"18\" data-lineheight=\"27\">Welche Notrufnummern gibt es ?<\/h2>\n<ul class=\"eingerueckt40\" style=\"text-align: justify;\">\n<li>Feuerwehr und Rettungsdienst: <strong>112<\/strong><\/li>\n<li>Polizei: <strong>110<\/strong><\/li>\n<li>Krankentransport: <strong>19222<\/strong><\/li>\n<\/ul>\n<h2 style=\"text-align: justify;\" data-fontsize=\"18\" data-lineheight=\"27\">Wo kann ein Notruf abgesetzt werden?<\/h2>\n<ul class=\"eingerueckt40\">\n<li style=\"text-align: justify;\">Festnetztelefon<\/li>\n<li style=\"text-align: justify;\">Mobiltelefon (auch von gesperrten Handys oder Prepaid &#8211; Handys ohne Guthaben)<\/li>\n<li style=\"text-align: justify;\">Telefonzelle\/-s\u00e4ule<\/li>\n<li style=\"text-align: justify;\">Feuerwehr-Handdruckmelder<\/li>\n<li style=\"text-align: justify;\">Taxi, \u00d6ffentlicher-Personen-Nahverkehr (per Funk)<\/li>\n<\/ul>\n","protected":false},"excerpt":{"rendered":"<p>Was bedeutet der Notruf? Notf\u00e4lle sind vorrangig alle Situationen, in denen Gefahr f\u00fcr Leib und Leben des Betroffenen besteht oder bedeutende Sachwerte gef\u00e4hrdet sind. \u00dcber den Notruf 112 k\u00f6nnen Sie die Feuerwehr sowie den Rettungsdienst \u00fcber einen Notfall verst\u00e4ndigen. Die Notrufnummer 112 ist kostenfrei und europaweit einheitlich! Der Anrufer wird zur regional zust\u00e4ndigen Leitstelle verbunden. [&hellip;]<\/p>\n","protected":false},"author":1,"featured_media":0,"parent":3779,"menu_order":4,"comment_status":"closed","ping_status":"closed","template":"full-width","meta":{"saved_in_kubio":true,"footnotes":"","_links_to":"","_links_to_target":""},"class_list":["post-3798","page","type-page","status-publish","hentry"],"kubio_ai_page_context":{"short_desc":"","purpose":"general"},"_links":{"self":[{"href":"https:\/\/ff-margarethenhoehe.de\/index.php?rest_route=\/wp\/v2\/pages\/3798","targetHints":{"allow":["GET"]}}],"collection":[{"href":"https:\/\/ff-margarethenhoehe.de\/index.php?rest_route=\/wp\/v2\/pages"}],"about":[{"href":"https:\/\/ff-margarethenhoehe.de\/index.php?rest_route=\/wp\/v2\/types\/page"}],"author":[{"embeddable":true,"href":"https:\/\/ff-margarethenhoehe.de\/index.php?rest_route=\/wp\/v2\/users\/1"}],"replies":[{"embeddable":true,"href":"https:\/\/ff-margarethenhoehe.de\/index.php?rest_route=%2Fwp%2Fv2%2Fcomments&post=3798"}],"version-history":[{"count":1,"href":"https:\/\/ff-margarethenhoehe.de\/index.php?rest_route=\/wp\/v2\/pages\/3798\/revisions"}],"predecessor-version":[{"id":6172,"href":"https:\/\/ff-margarethenhoehe.de\/index.php?rest_route=\/wp\/v2\/pages\/3798\/revisions\/6172"}],"up":[{"embeddable":true,"href":"https:\/\/ff-margarethenhoehe.de\/index.php?rest_route=\/wp\/v2\/pages\/3779"}],"wp:attachment":[{"href":"https:\/\/ff-margarethenhoehe.de\/index.php?rest_route=%2Fwp%2Fv2%2Fmedia&parent=3798"}],"curies":[{"name":"wp","href":"https:\/\/api.w.org\/{rel}","templated":true}]}}