{"id":18,"date":"2014-10-16T22:43:49","date_gmt":"2014-10-16T20:43:49","guid":{"rendered":"http:\/\/jf-margarethenhoehe.de\/?page_id=18"},"modified":"2024-05-11T22:49:47","modified_gmt":"2024-05-11T20:49:47","slug":"impressum","status":"publish","type":"page","link":"https:\/\/ff-margarethenhoehe.de\/?page_id=18","title":{"rendered":"Impressum"},"content":{"rendered":"<p><span style=\"text-decoration: underline;\"><strong>Anschrift Feuerwehr Ger\u00e4tehaus<br \/>\n<\/strong><\/span>Freiwillige Feuerwehr Essen<br \/>\nL\u00f6schgruppe Margarethenh\u00f6he<\/p>\n<p>L\u00f6schgruppenf\u00fchrer: Max Preusser<br \/>\nstellv. L\u00f6schgruppenf\u00fchrer: Tobias Schiffer<\/p>\n<p>L\u00fchrmannwald 28<br \/>\n45149 Essen<br \/>\nTel.: 0201 \/ 12 37 &#8211; 715 (nur zu den Dienstzeiten besetzt)<\/p>\n<hr \/>\n<p><span style=\"text-decoration: underline;\"><strong><br \/>\nDienstanbieter<br \/>\n<\/strong><\/span>Dienstanbieter dieses Internetangebots ist der Verein zur F\u00f6rderung der Jugendfeuerwehr und des Brandschutzes Essen &#8211; Margarethenh\u00f6he e.V., L\u00fchrmannwald 28, 45149 Essen<\/p>\n<hr \/>\n<p><span style=\"text-decoration: underline;\"><strong><br \/>\nWebmaster<br \/>\n<\/strong><\/span>Bei Beschwerden, Hinweisen und Anregungen wenden Sie sich bitte zun\u00e4chst an den Verantwortlichen f\u00fcr die Website &#8211; nutzen Sie daf\u00fcr bitte das folgende <a title=\"Kontakt\" href=\"https:\/\/ff-margarethenhoehe.de\/?page_id=20\">Kontaktformular<\/a>.<\/p>\n<hr \/>\n<p style=\"text-align: justify;\"><span style=\"text-decoration: underline;\"><strong><br \/>\nHaftungshinweis:<br \/>\n<\/strong><\/span>Durch das Urteil vom 12. Mai 1998 &#8220;Haftung f\u00fcr Links&#8221; (312 O 85\/98) hat das Landesgericht Hamburg eindeutig entschieden, dass man durch die Anbringung eines Links die Inhalte der gelinkten Seite ggf. mit zu verantworten hat, also haftbar gemacht werden kann. Dies kann nur dadurch verhindert werden, indem man sich ausdr\u00fccklich von diesen Inhalten distanziert. Der Webmaster distanziert sich hiermit ausdr\u00fccklich von allen Inhalten s\u00e4mtlicher gelinkter Seiten von und auf <a href=\"http:\/\/www.ff-margarethenhoehe.de\">www.ff-margarethenhoehe.de<\/a> und verweisen darauf, dass er weder Einfluss auf Gestaltung und Inhalte der gelinkten Seiten haben noch sich diese Inhalte zu eigen machen. Mit dem Bet\u00e4tigen eines Links wird das Angebot von &#8220;Freiwillige Feuerwehr Essen &#8211; Margarethenh\u00f6he&#8221; verlassen. F\u00fcr die Angebote Dritter k\u00f6nnen daher abweichende Regelungen gelten, insbesondere hinsichtlich des Datenschutzes. Irrt\u00fcmer und \u00c4nderungen vorbehalten.<\/p>\n","protected":false},"excerpt":{"rendered":"<p>Anschrift Feuerwehr Ger\u00e4tehaus Freiwillige Feuerwehr Essen L\u00f6schgruppe Margarethenh\u00f6he L\u00f6schgruppenf\u00fchrer: Max Preusser stellv. L\u00f6schgruppenf\u00fchrer: Tobias Schiffer L\u00fchrmannwald 28 45149 Essen Tel.: 0201 \/ 12 37 &#8211; 715 (nur zu den Dienstzeiten besetzt) Dienstanbieter Dienstanbieter dieses Internetangebots ist der Verein zur F\u00f6rderung der Jugendfeuerwehr und des Brandschutzes Essen &#8211; Margarethenh\u00f6he e.V., L\u00fchrmannwald 28, 45149 Essen Webmaster Bei [&hellip;]<\/p>\n","protected":false},"author":1,"featured_media":0,"parent":0,"menu_order":14,"comment_status":"closed","ping_status":"open","template":"full-width","meta":{"saved_in_kubio":true,"footnotes":"","_links_to":"","_links_to_target":""},"class_list":["post-18","page","type-page","status-publish","hentry"],"kubio_ai_page_context":{"short_desc":"","purpose":"general"},"_links":{"self":[{"href":"https:\/\/ff-margarethenhoehe.de\/index.php?rest_route=\/wp\/v2\/pages\/18","targetHints":{"allow":["GET"]}}],"collection":[{"href":"https:\/\/ff-margarethenhoehe.de\/index.php?rest_route=\/wp\/v2\/pages"}],"about":[{"href":"https:\/\/ff-margarethenhoehe.de\/index.php?rest_route=\/wp\/v2\/types\/page"}],"author":[{"embeddable":true,"href":"https:\/\/ff-margarethenhoehe.de\/index.php?rest_route=\/wp\/v2\/users\/1"}],"replies":[{"embeddable":true,"href":"https:\/\/ff-margarethenhoehe.de\/index.php?rest_route=%2Fwp%2Fv2%2Fcomments&post=18"}],"version-history":[{"count":1,"href":"https:\/\/ff-margarethenhoehe.de\/index.php?rest_route=\/wp\/v2\/pages\/18\/revisions"}],"predecessor-version":[{"id":6290,"href":"https:\/\/ff-margarethenhoehe.de\/index.php?rest_route=\/wp\/v2\/pages\/18\/revisions\/6290"}],"wp:attachment":[{"href":"https:\/\/ff-margarethenhoehe.de\/index.php?rest_route=%2Fwp%2Fv2%2Fmedia&parent=18"}],"curies":[{"name":"wp","href":"https:\/\/api.w.org\/{rel}","templated":true}]}}