{"id":103,"date":"2014-10-17T10:37:38","date_gmt":"2014-10-17T08:37:38","guid":{"rendered":"http:\/\/jf-margarethenhoehe.de\/?page_id=103"},"modified":"2024-03-17T15:06:47","modified_gmt":"2024-03-17T14:06:47","slug":"faqs","status":"publish","type":"page","link":"https:\/\/ff-margarethenhoehe.de\/?page_id=103","title":{"rendered":"Deine Fragen"},"content":{"rendered":"<p><span style=\"color: #000000;\">Auf dieser Seite wollen wir Ihnen vorab die wichtigsten Fragen beantworten, die rund um das Thema Jugendfeuerwehr oftmals auftreten. Sofern Ihre Frage hier nicht beantwortet werden konnte, scheuen Sie sich nicht unser <a href=\"https:\/\/ff-margarethenhoehe.de\/?page_id=4887\">Kontaktformular<\/a> zu verwenden. Die Jugendfeuerwehrwarte werden Ihnen schnellstm\u00f6glich die passende Antwort liefern.<\/span><\/p>\n<hr \/>\n<p><span style=\"color: #000000;\"><b>Was ist eine Jugendfeuerwehr?<\/b><\/span><br \/>\n<span style=\"color: #000000;\"> Die Jugendfeuerwehr ist eine Jugendabteilung einer Freiwilligen Feuerwehr. Sie bietet eine gute und sinnvolle Freizeitbesch\u00e4ftigung f\u00fcr Kinder und Jugendliche. Bei uns lernst du mit viel Spiel und Spa\u00df die Grundbausteine vom komplexen Feurwehrwissen kennen. Schl\u00e4uche rollen, mit dem Strahlrohr Wasser spritzen und auch die Fahrzeug-, und Ger\u00e4tekunde sind nur einige beispielgebende Themengebiete im Rahmen der Ausbildung zum Jugendfeuerwehrmann.<br \/>\n<\/span><\/p>\n<p><span style=\"color: #000000;\"><b>Wie kann man Mitglied werden und was f\u00fcr Voraussetzungen muss man mitbringen?<\/b><\/span><br \/>\n<span style=\"color: #000000;\"> In die Jugendfeuerwehr k\u00f6nnen M\u00e4dchen und Jungen im Alter von 10 bis 18 Jahren aufgenommen werden. Optimalerweise sollte der Wohnsitz in unserem Ausr\u00fccke-, und somit auch Zust\u00e4ndigkeitsbereich liegen. Hierzu geh\u00f6ren die Stadtteile: Fulerum, Haarzopf, Schuir, Bredeney, R\u00fcttenscheid, S\u00fcdviertel, Holsterhausen, Frohnhausen und nat\u00fcrlich die Margarethenh\u00f6he.<br \/>\n<\/span><\/p>\n<p><span style=\"color: #000000;\"><b>Wer leitet eine Jugendfeuerwehr?<\/b><\/span><br \/>\n<span style=\"color: #000000;\"> Die Jugendfeuerwehr ist ein Teil der Freiwilligen Feuerwehr und wird von einem Jugendfeuerwehrwart und seinem Stellvertreter geleitet.<\/span><br \/>\n<span style=\"color: #000000;\"> Sie sind Ansprechpartner f\u00fcr Neuzug\u00e4nge sowie alle Belange rund um die Jugendfeuerwehr.<br \/>\nUnterst\u00fctzt werden Sie bei Bedarf durch weitere Jugendgruppenleiter die zusammen mit ihnen die \u00dcbungsabende planen und leiten.<\/span><\/p>\n<p><span style=\"color: #000000;\"><b>Wann und Wo finden die Dienstabende statt?<\/b><\/span><br \/>\n<span style=\"color: #000000;\"> Die Dienstabende finden jeden Mittwoch um 18:00 Uhr am Feuerwehrger\u00e4tehaus auf der Margarethenh\u00f6he, L\u00fchrmannwald 28 in 45149 Essen statt.<br \/>\nDer Dienstabend endet nach zwei Stunden um 20:00 Uhr. <\/span><span style=\"color: #000000;\">Am ersten Dienstabend ist es zu empfehlen, dass du mit deinen Eltern schon um 17:30 Uhr vorbeischaust. <\/span><span style=\"color: #000000;\">Somit k\u00f6nnen wir die wichtigen Anmeldedokumente ausf\u00fcllen und dir in Ruhe die ersten Einblicke der Wache und den Fahrzeugen geben. <\/span><span style=\"color: #000000;\">Grunds\u00e4tzlich besteht am Dienstabend eine regelm\u00e4\u00dfige Teilnahmepflicht. Wer aber aufgrund privater Verpflichtungen nicht teilnehmen kann, soll sich bei dem Jugendfeuerwehrwart oder seinem Stellvertreter abmelden. N\u00e4heres erkl\u00e4ren wir dir dazu in deinen ersten Dienstabenden.<br \/>\n<\/span><\/p>\n<p><span style=\"color: #000000;\"><b>Dreht sich in der Jugendfeuerwehr alles nur um die Feuerwehr?<\/b><\/span><br \/>\n<span style=\"color: #000000;\">Spielen, Sport, Zeltlager, Zusammensein \u2013 die Jugendfeuerwehr leistet allgemeine Jugendarbeit auf vielen Ebenen.<\/span><br \/>\n<span style=\"color: #000000;\"> In der praktischen und theoretischen Ausbildung mit der Feuerwehrtechnik lernen die Jugendlichen, was es hei\u00dft Verantwortung zu \u00fcbernehmen. Einige Mitglieder der Jugendfeuerwehr konnten ihr Wissen in der Ersten Hilfe schon im Alltag anwenden oder den Entstehungsbrand in der Schulk\u00fcche mit einem Feuerl\u00f6scher bek\u00e4mpfen und somit Erfolg und Anerkennung genie\u00dfen.<\/span><\/p>\n<p><span style=\"color: #000000;\"><b>Muss ich die Ausr\u00fcstungsgegenst\u00e4nde selbst bezahlen?<\/b><\/span><br \/>\n<span style=\"color: #000000;\"> Nein. Die Bekleidungs-, und Ausr\u00fcstungsgegenst\u00e4nde werden von der Jugendfeuerwehr Essen zur Verf\u00fcgung gestellt und k\u00f6nnen nach der Aufnahme in der zust\u00e4ndigen Abteilung auf der Hauptwache der Berufsfeuerwehr Essen abgeholt werden. Wird f\u00fcr die \u00dcbung Sportkleidung ben\u00f6tigt, wird dies fr\u00fchzeitig mitgeteilt, sodass du dich darauf einstellen kannst.<br \/>\n<\/span><\/p>\n<p><span style=\"color: #000000;\"><b>Sind die Jugendlichen w\u00e4hrend der Zeit bei der Jugendfeuerwehr versichert?<\/b><\/span><br \/>\n<span style=\"color: #000000;\"> W\u00e4hrend \u00dcbungen und gemeinsamen dienstlichen Veranstaltungen sind die Jugendlichen \u00fcber die Feuerwehr Unfallkasse abgesichert.<\/span><\/p>\n<p><span style=\"color: #000000;\"><b>Geh\u00f6ren echte Feuerwehreins\u00e4tze zur Ausbildung in der Jugendfeuerwehr?<\/b><\/span><br \/>\n<span style=\"color: #000000;\"> Nein! Auch wenn du nach kurzer Zeit schon Schl\u00e4uche rollen kannst, gibt es eine klare Trennung zwischen den Aufgaben der Freiwilligen Feuerwehr und denen der Jugendfeuerwehr. Jugendfeuerwehrleute haben mit dem 18. Lebensjahr die M\u00f6glichkeit in die Einsatzabteilung \u00fcber zu treten, dann besteht auch die M\u00f6glichkeit Eins\u00e4tze mitzufahren und dem B\u00fcrgerinnen und B\u00fcrger Hilfe zu leisten.<br \/>\n<\/span><\/p>\n<hr \/>\n<p>Wir hoffen alle Ihre und deine Fragen beantwortet zu haben. Sofern dein Interesse nun noch gr\u00f6\u00dfer ist und du definitiv vorbeischauen magst, schreibe uns doch bitte kurz an! Somit k\u00f6nnen wir uns auf deinen Besuch einstellen. Ganz wichtig: Du musst unbedingt mit deinen Eltern vorbeischauen. Wir freuen uns auf dich &#8211; bis bald!<\/p>\n","protected":false},"excerpt":{"rendered":"<p>Auf dieser Seite wollen wir Ihnen vorab die wichtigsten Fragen beantworten, die rund um das Thema Jugendfeuerwehr oftmals auftreten. Sofern Ihre Frage hier nicht beantwortet werden konnte, scheuen Sie sich nicht unser Kontaktformular zu verwenden. Die Jugendfeuerwehrwarte werden Ihnen schnellstm\u00f6glich die passende Antwort liefern. Was ist eine Jugendfeuerwehr? Die Jugendfeuerwehr ist eine Jugendabteilung einer Freiwilligen [&hellip;]<\/p>\n","protected":false},"author":1,"featured_media":0,"parent":146,"menu_order":1,"comment_status":"closed","ping_status":"closed","template":"full-width","meta":{"saved_in_kubio":true,"footnotes":"","_links_to":"","_links_to_target":""},"class_list":["post-103","page","type-page","status-publish","hentry"],"kubio_ai_page_context":{"short_desc":"","purpose":"general"},"_links":{"self":[{"href":"https:\/\/ff-margarethenhoehe.de\/index.php?rest_route=\/wp\/v2\/pages\/103","targetHints":{"allow":["GET"]}}],"collection":[{"href":"https:\/\/ff-margarethenhoehe.de\/index.php?rest_route=\/wp\/v2\/pages"}],"about":[{"href":"https:\/\/ff-margarethenhoehe.de\/index.php?rest_route=\/wp\/v2\/types\/page"}],"author":[{"embeddable":true,"href":"https:\/\/ff-margarethenhoehe.de\/index.php?rest_route=\/wp\/v2\/users\/1"}],"replies":[{"embeddable":true,"href":"https:\/\/ff-margarethenhoehe.de\/index.php?rest_route=%2Fwp%2Fv2%2Fcomments&post=103"}],"version-history":[{"count":1,"href":"https:\/\/ff-margarethenhoehe.de\/index.php?rest_route=\/wp\/v2\/pages\/103\/revisions"}],"predecessor-version":[{"id":6204,"href":"https:\/\/ff-margarethenhoehe.de\/index.php?rest_route=\/wp\/v2\/pages\/103\/revisions\/6204"}],"up":[{"embeddable":true,"href":"https:\/\/ff-margarethenhoehe.de\/index.php?rest_route=\/wp\/v2\/pages\/146"}],"wp:attachment":[{"href":"https:\/\/ff-margarethenhoehe.de\/index.php?rest_route=%2Fwp%2Fv2%2Fmedia&parent=103"}],"curies":[{"name":"wp","href":"https:\/\/api.w.org\/{rel}","templated":true}]}}